{"id":28543,"date":"2023-08-31T15:07:43","date_gmt":"2023-08-31T12:07:43","guid":{"rendered":"https:\/\/ngmedia.com.tr\/?page_id=28543"},"modified":"2025-11-27T18:01:31","modified_gmt":"2025-11-27T15:01:31","slug":"projelerimiz","status":"publish","type":"page","link":"https:\/\/ngmedia.com.tr\/en\/projelerimiz\/","title":{"rendered":"Projects"},"content":{"rendered":"<div data-elementor-type=\"wp-page\" data-elementor-id=\"28543\" class=\"elementor elementor-28543\">\n\t\t\t\t\t\t<section class=\"elementor-section elementor-top-section elementor-element elementor-element-3c8bc78 elementor-section-boxed elementor-section-height-default elementor-section-height-default sc_fly_static\" data-id=\"3c8bc78\" data-element_type=\"section\" data-settings=\"{&quot;background_background&quot;:&quot;classic&quot;}\">\n\t\t\t\t\t\t<div class=\"elementor-container elementor-column-gap-extended\">\n\t\t\t\t\t<div class=\"elementor-column elementor-col-100 elementor-top-column elementor-element elementor-element-54abc54 sc_content_align_inherit sc_layouts_column_icons_position_left sc_fly_static\" data-id=\"54abc54\" data-element_type=\"column\">\n\t\t\t<div class=\"elementor-widget-wrap elementor-element-populated\">\n\t\t\t\t\t\t<div class=\"elementor-element elementor-element-dde9c6c sc_fly_static elementor-widget elementor-widget-spacer\" data-id=\"dde9c6c\" data-element_type=\"widget\" data-widget_type=\"spacer.default\">\n\t\t\t\t<div class=\"elementor-widget-container\">\n\t\t\t\t\t<div class=\"elementor-spacer\">\n\t\t\t<div class=\"elementor-spacer-inner\"><\/div>\n\t\t<\/div>\n\t\t\t\t<\/div>\n\t\t\t\t<\/div>\n\t\t\t\t<div class=\"elementor-element elementor-element-9cfc5b1 sc_fly_static elementor-widget elementor-widget-trx_sc_title\" data-id=\"9cfc5b1\" data-element_type=\"widget\" data-widget_type=\"trx_sc_title.default\">\n\t\t\t\t<div class=\"elementor-widget-container\">\n\t\t\t<div\t\tclass=\"sc_title sc_title_default\" ><h2 class=\"sc_item_title sc_title_title sc_item_title_style_default sc_item_title_tag\"\n\t\t\t><span class=\"sc_item_title_text\">PROJECTS<\/span><\/h2><\/div>\t\t<\/div>\n\t\t\t\t<\/div>\n\t\t\t\t<div class=\"elementor-element elementor-element-3814d0a sc_fly_static elementor-widget elementor-widget-heading\" data-id=\"3814d0a\" data-element_type=\"widget\" data-widget_type=\"heading.default\">\n\t\t\t\t<div class=\"elementor-widget-container\">\n\t\t\t<h2 class=\"elementor-heading-title elementor-size-default\">TV Series<\/h2>\t\t<\/div>\n\t\t\t\t<\/div>\n\t\t\t\t<div class=\"elementor-element elementor-element-1879873 sc_fly_static elementor-widget elementor-widget-spacer\" data-id=\"1879873\" data-element_type=\"widget\" data-widget_type=\"spacer.default\">\n\t\t\t\t<div class=\"elementor-widget-container\">\n\t\t\t\t\t<div class=\"elementor-spacer\">\n\t\t\t<div class=\"elementor-spacer-inner\"><\/div>\n\t\t<\/div>\n\t\t\t\t<\/div>\n\t\t\t\t<\/div>\n\t\t\t\t<div class=\"elementor-element elementor-element-b590932 sc_fly_static elementor-widget elementor-widget-spacer\" data-id=\"b590932\" data-element_type=\"widget\" data-widget_type=\"spacer.default\">\n\t\t\t\t<div class=\"elementor-widget-container\">\n\t\t\t\t\t<div class=\"elementor-spacer\">\n\t\t\t<div class=\"elementor-spacer-inner\"><\/div>\n\t\t<\/div>\n\t\t\t\t<\/div>\n\t\t\t\t<\/div>\n\t\t\t\t<div class=\"elementor-element elementor-element-b3b1ddb sc_fly_static elementor-widget elementor-widget-mdp-imager-elementor\" data-id=\"b3b1ddb\" data-element_type=\"widget\" data-widget_type=\"mdp-imager-elementor.default\">\n\t\t\t\t<div class=\"elementor-widget-container\">\n\t\t\t\n        <div class=\"mdp-imager-container\">\n\n            \n        <div class=\"mdp-imager-wrap mdp-imager-zoom -\">\n\n                            <a href=\"https:\/\/ngmedia.com.tr\/en\/guller-ve-gunahlar\/\"\n                   target=\"_blank\"\n                   rel=\"nofollow\">\n            \n                <div class=\"mdp-imager-item mdp-imager-box-grid\">\n\n                            <div class=\"mdp-imager-box-image\">\n            <div style=\"background-image: url( https:\/\/ngmedia.com.tr\/wp-content\/uploads\/2025\/11\/Guller-ve-Gunahlar-Poster-3.webp );\"\n                 class=\"mdp-imager-image\"><\/div>\n        <\/div>\n        \n            <p class=\"mdp-imager-box-category\">\n                TV Series            <\/p>\n\n        \n            <div class=\"mdp-imager-box-title\">\n                \n                    G\u00fcller ve G\u00fcnahlar\n                            <\/div>\n\n        \n            <p class=\"mdp-imager-box-description\">\n                            <\/p>\n\n        \n                        \n                <\/div>\n\n                            <\/a>\n        \n\n\n        <\/div>\n\n        \n        <div class=\"mdp-imager-wrap mdp-imager-zoom -\">\n\n                            <a href=\"https:\/\/ngmedia.com.tr\/en\/bir-gece-masali\/\"\n                   target=\"_blank\"\n                   rel=\"nofollow\">\n            \n                <div class=\"mdp-imager-item mdp-imager-box-grid\">\n\n                            <div class=\"mdp-imager-box-image\">\n            <div style=\"background-image: url( https:\/\/ngmedia.com.tr\/wp-content\/uploads\/2024\/10\/Bir-Gece-Masali-ngmedia-com-tr.webp );\"\n                 class=\"mdp-imager-image\"><\/div>\n        <\/div>\n        \n            <p class=\"mdp-imager-box-category\">\n                TV Series            <\/p>\n\n        \n            <div class=\"mdp-imager-box-title\">\n                \n                    The Nightfall\n                            <\/div>\n\n        \n            <p class=\"mdp-imager-box-description\">\n                            <\/p>\n\n        \n                        \n                <\/div>\n\n                            <\/a>\n        \n\n\n        <\/div>\n\n        \n        <div class=\"mdp-imager-wrap mdp-imager-zoom -\">\n\n                            <a href=\"https:\/\/ngmedia.com.tr\/en\/kardeslerim\/\"\n                   target=\"_blank\"\n                   rel=\"nofollow\">\n            \n                <div class=\"mdp-imager-item mdp-imager-box-grid\">\n\n                            <div class=\"mdp-imager-box-image\">\n            <div style=\"background-image: url( https:\/\/ngmedia.com.tr\/wp-content\/uploads\/2023\/10\/616x820Kardeslerim.jpg );\"\n                 class=\"mdp-imager-image\"><\/div>\n        <\/div>\n        \n            <p class=\"mdp-imager-box-category\">\n                TV Series            <\/p>\n\n        \n            <div class=\"mdp-imager-box-title\">\n                \n                    For My Family\n                            <\/div>\n\n        \n            <p class=\"mdp-imager-box-description\">\n                            <\/p>\n\n        \n                        \n                <\/div>\n\n                            <\/a>\n        \n\n\n        <\/div>\n\n        \n        <div class=\"mdp-imager-wrap mdp-imager-zoom -\">\n\n                            <a href=\"https:\/\/ngmedia.com.tr\/en\/sefirin-kizi\/\"\n                   target=\"_blank\"\n                   rel=\"nofollow\">\n            \n                <div class=\"mdp-imager-item mdp-imager-box-grid\">\n\n                            <div class=\"mdp-imager-box-image\">\n            <div style=\"background-image: url( https:\/\/ngmedia.com.tr\/wp-content\/uploads\/2023\/10\/616x820SefirinKizi2.jpg );\"\n                 class=\"mdp-imager-image\"><\/div>\n        <\/div>\n        \n            <p class=\"mdp-imager-box-category\">\n                TV Series            <\/p>\n\n        \n            <div class=\"mdp-imager-box-title\">\n                \n                    The Ambassador\u2019s Daughter\n                            <\/div>\n\n        \n            <p class=\"mdp-imager-box-description\">\n                            <\/p>\n\n        \n                        \n                <\/div>\n\n                            <\/a>\n        \n\n\n        <\/div>\n\n        \n        <div class=\"mdp-imager-wrap mdp-imager-zoom -\">\n\n                            <a href=\"https:\/\/ngmedia.com.tr\/en\/kaderimin-oyunu\/\"\n                   target=\"_blank\"\n                   rel=\"nofollow\">\n            \n                <div class=\"mdp-imager-item mdp-imager-box-grid\">\n\n                            <div class=\"mdp-imager-box-image\">\n            <div style=\"background-image: url( https:\/\/ngmedia.com.tr\/wp-content\/uploads\/2023\/09\/KO-AFIS-150DPI-TR-616x820-1.jpg );\"\n                 class=\"mdp-imager-image\"><\/div>\n        <\/div>\n        \n            <p class=\"mdp-imager-box-category\">\n                TV Series            <\/p>\n\n        \n            <div class=\"mdp-imager-box-title\">\n                \n                    The Game of My Destiny\n                            <\/div>\n\n        \n            <p class=\"mdp-imager-box-description\">\n                            <\/p>\n\n        \n                        \n                <\/div>\n\n                            <\/a>\n        \n\n\n        <\/div>\n\n        \n        <div class=\"mdp-imager-wrap mdp-imager-zoom -\">\n\n                            <a href=\"https:\/\/ngmedia.com.tr\/en\/hayaller-ve-hayatlar\/\"\n                   target=\"_blank\"\n                   rel=\"nofollow\">\n            \n                <div class=\"mdp-imager-item mdp-imager-box-grid\">\n\n                            <div class=\"mdp-imager-box-image\">\n            <div style=\"background-image: url( https:\/\/ngmedia.com.tr\/wp-content\/uploads\/2023\/09\/HvH-FINAL-DIKEY-LOGOSUZ-616x820-1.jpg );\"\n                 class=\"mdp-imager-image\"><\/div>\n        <\/div>\n        \n            <p class=\"mdp-imager-box-category\">\n                Dijital Dizi            <\/p>\n\n        \n            <div class=\"mdp-imager-box-title\">\n                \n                    Dreams And Realities\n                            <\/div>\n\n        \n            <p class=\"mdp-imager-box-description\">\n                            <\/p>\n\n        \n                        \n                <\/div>\n\n                            <\/a>\n        \n\n\n        <\/div>\n\n        \n        <div class=\"mdp-imager-wrap mdp-imager-zoom -\">\n\n                            <a href=\"https:\/\/ngmedia.com.tr\/en\/kendi-dusen-aglamaz\/\"\n                   target=\"_blank\"\n                   rel=\"nofollow\">\n            \n                <div class=\"mdp-imager-item mdp-imager-box-grid\">\n\n                            <div class=\"mdp-imager-box-image\">\n            <div style=\"background-image: url( https:\/\/ngmedia.com.tr\/wp-content\/uploads\/2023\/09\/kendidusenaglamaz-616x820-1.jpg );\"\n                 class=\"mdp-imager-image\"><\/div>\n        <\/div>\n        \n            <p class=\"mdp-imager-box-category\">\n                TV Series            <\/p>\n\n        \n            <div class=\"mdp-imager-box-title\">\n                \n                    Come What May\n                            <\/div>\n\n        \n            <p class=\"mdp-imager-box-description\">\n                            <\/p>\n\n        \n                        \n                <\/div>\n\n                            <\/a>\n        \n\n\n        <\/div>\n\n        \n        <div class=\"mdp-imager-wrap mdp-imager-zoom -\">\n\n                            <a href=\"https:\/\/ngmedia.com.tr\/en\/bir-kucuk-kucuk-gun-isigi\/\"\n                   target=\"_blank\"\n                   rel=\"nofollow\">\n            \n                <div class=\"mdp-imager-item mdp-imager-box-grid\">\n\n                            <div class=\"mdp-imager-box-image\">\n            <div style=\"background-image: url( https:\/\/ngmedia.com.tr\/wp-content\/uploads\/2023\/09\/kucuk_gun_isigi-616x820-1.jpg );\"\n                 class=\"mdp-imager-image\"><\/div>\n        <\/div>\n        \n            <p class=\"mdp-imager-box-category\">\n                TV Series            <\/p>\n\n        \n            <div class=\"mdp-imager-box-title\">\n                \n                    A Little Sunshine\n                            <\/div>\n\n        \n            <p class=\"mdp-imager-box-description\">\n                            <\/p>\n\n        \n                        \n                <\/div>\n\n                            <\/a>\n        \n\n\n        <\/div>\n\n        \n        <div class=\"mdp-imager-wrap mdp-imager-zoom -\">\n\n                            <a href=\"https:\/\/ngmedia.com.tr\/en\/kardelenler\/\"\n                   target=\"_blank\"\n                   rel=\"nofollow\">\n            \n                <div class=\"mdp-imager-item mdp-imager-box-grid\">\n\n                            <div class=\"mdp-imager-box-image\">\n            <div style=\"background-image: url( https:\/\/ngmedia.com.tr\/wp-content\/uploads\/2025\/03\/KARDELENLER_ngmedia-com-tr.webp );\"\n                 class=\"mdp-imager-image\"><\/div>\n        <\/div>\n        \n            <p class=\"mdp-imager-box-category\">\n                TV Series            <\/p>\n\n        \n            <div class=\"mdp-imager-box-title\">\n                \n                    Snowdrops\n                            <\/div>\n\n        \n            <p class=\"mdp-imager-box-description\">\n                            <\/p>\n\n        \n                        \n                <\/div>\n\n                            <\/a>\n        \n\n\n        <\/div>\n\n        \n        <\/div>\n\n        \t\t<\/div>\n\t\t\t\t<\/div>\n\t\t\t\t<div class=\"elementor-element elementor-element-f0daba8 sc_fly_static elementor-widget elementor-widget-spacer\" data-id=\"f0daba8\" data-element_type=\"widget\" data-widget_type=\"spacer.default\">\n\t\t\t\t<div class=\"elementor-widget-container\">\n\t\t\t\t\t<div class=\"elementor-spacer\">\n\t\t\t<div class=\"elementor-spacer-inner\"><\/div>\n\t\t<\/div>\n\t\t\t\t<\/div>\n\t\t\t\t<\/div>\n\t\t\t\t\t<\/div>\n\t\t<\/div>\n\t\t\t\t\t<\/div>\n\t\t<\/section>\n\t\t\t\t<\/div>","protected":false},"excerpt":{"rendered":"<p>PROJELER TV Dizileri TV Dizisi G\u00fcller ve G\u00fcnahlar TV Dizisi Bir Gece Masal\u0131 TV Dizisi Karde\u015flerim TV Dizisi Sefirin K\u0131z\u0131 TV Dizisi Kaderimin Oyunu Dijital Dizi Hayaller ve Hayatlar TV&hellip;<\/p>","protected":false},"author":1,"featured_media":0,"parent":0,"menu_order":0,"comment_status":"closed","ping_status":"closed","template":"","meta":{"footnotes":""},"class_list":["post-28543","page","type-page","status-publish","hentry"],"_links":{"self":[{"href":"https:\/\/ngmedia.com.tr\/en\/wp-json\/wp\/v2\/pages\/28543","targetHints":{"allow":["GET"]}}],"collection":[{"href":"https:\/\/ngmedia.com.tr\/en\/wp-json\/wp\/v2\/pages"}],"about":[{"href":"https:\/\/ngmedia.com.tr\/en\/wp-json\/wp\/v2\/types\/page"}],"author":[{"embeddable":true,"href":"https:\/\/ngmedia.com.tr\/en\/wp-json\/wp\/v2\/users\/1"}],"replies":[{"embeddable":true,"href":"https:\/\/ngmedia.com.tr\/en\/wp-json\/wp\/v2\/comments?post=28543"}],"version-history":[{"count":15,"href":"https:\/\/ngmedia.com.tr\/en\/wp-json\/wp\/v2\/pages\/28543\/revisions"}],"predecessor-version":[{"id":30729,"href":"https:\/\/ngmedia.com.tr\/en\/wp-json\/wp\/v2\/pages\/28543\/revisions\/30729"}],"wp:attachment":[{"href":"https:\/\/ngmedia.com.tr\/en\/wp-json\/wp\/v2\/media?parent=28543"}],"curies":[{"name":"wp","href":"https:\/\/api.w.org\/{rel}","templated":true}]}}