{"id":30028,"date":"2023-11-03T14:37:50","date_gmt":"2023-11-03T11:37:50","guid":{"rendered":"https:\/\/ngmedia.com.tr\/?page_id=30028"},"modified":"2023-11-03T14:39:03","modified_gmt":"2023-11-03T11:39:03","slug":"kisisel-verilerin-islenmesi","status":"publish","type":"page","link":"https:\/\/ngmedia.com.tr\/en\/kisisel-verilerin-islenmesi\/","title":{"rendered":"Processing of Personal Data"},"content":{"rendered":"<div data-elementor-type=\"wp-page\" data-elementor-id=\"30028\" class=\"elementor elementor-30028\">\n\t\t\t\t\t\t<section class=\"elementor-section elementor-top-section elementor-element elementor-element-70b2420 elementor-section-boxed elementor-section-height-default elementor-section-height-default sc_fly_static\" data-id=\"70b2420\" data-element_type=\"section\">\n\t\t\t\t\t\t<div class=\"elementor-container elementor-column-gap-extended\">\n\t\t\t\t\t<div class=\"elementor-column elementor-col-100 elementor-top-column elementor-element elementor-element-734996c sc_content_align_inherit sc_layouts_column_icons_position_left sc_fly_static\" data-id=\"734996c\" data-element_type=\"column\">\n\t\t\t<div class=\"elementor-widget-wrap elementor-element-populated\">\n\t\t\t\t\t\t<div class=\"elementor-element elementor-element-8dd8340 sc_fly_static elementor-widget elementor-widget-image\" data-id=\"8dd8340\" data-element_type=\"widget\" data-widget_type=\"image.default\">\n\t\t\t\t<div class=\"elementor-widget-container\">\n\t\t\t\t\t\t\t\t\t\t\t\t\t<img decoding=\"async\" width=\"221\" height=\"80\" src=\"https:\/\/ngmedia.com.tr\/wp-content\/uploads\/2023\/09\/ngmlogo-mod.png\" class=\"attachment-large size-large wp-image-29037\" alt=\"\" \/>\t\t\t\t\t\t\t\t\t\t\t\t\t<\/div>\n\t\t\t\t<\/div>\n\t\t\t\t<div class=\"elementor-element elementor-element-36cccb9 sc_fly_static elementor-widget elementor-widget-trx_sc_title\" data-id=\"36cccb9\" data-element_type=\"widget\" data-widget_type=\"trx_sc_title.default\">\n\t\t\t\t<div class=\"elementor-widget-container\">\n\t\t\t<div\t\tclass=\"sc_title sc_title_default\" ><h1 class=\"sc_item_title sc_title_title sc_align_center sc_item_title_style_default sc_item_title_tag\"\n\t\t\t><span class=\"sc_item_title_text\">NEW GENERATION MEDIA<\/span><\/h1><\/div>\t\t<\/div>\n\t\t\t\t<\/div>\n\t\t\t\t<div class=\"elementor-element elementor-element-a87b0da sc_height_tiny sc_fly_static elementor-widget elementor-widget-spacer\" data-id=\"a87b0da\" data-element_type=\"widget\" data-widget_type=\"spacer.default\">\n\t\t\t\t<div class=\"elementor-widget-container\">\n\t\t\t\t\t<div class=\"elementor-spacer\">\n\t\t\t<div class=\"elementor-spacer-inner\"><\/div>\n\t\t<\/div>\n\t\t\t\t<\/div>\n\t\t\t\t<\/div>\n\t\t\t\t\t<\/div>\n\t\t<\/div>\n\t\t\t\t\t<\/div>\n\t\t<\/section>\n\t\t\t\t<section class=\"elementor-section elementor-top-section elementor-element elementor-element-5746398 elementor-section-boxed elementor-section-height-default elementor-section-height-default sc_fly_static\" data-id=\"5746398\" data-element_type=\"section\">\n\t\t\t\t\t\t<div class=\"elementor-container elementor-column-gap-extended\">\n\t\t\t\t\t<div class=\"elementor-column elementor-col-16 elementor-top-column elementor-element elementor-element-f3f3565 sc_content_align_inherit sc_layouts_column_icons_position_left sc_fly_static\" data-id=\"f3f3565\" data-element_type=\"column\">\n\t\t\t<div class=\"elementor-widget-wrap\">\n\t\t\t\t\t\t\t<\/div>\n\t\t<\/div>\n\t\t\t\t<div class=\"elementor-column elementor-col-66 elementor-top-column elementor-element elementor-element-de79961 sc_content_align_inherit sc_layouts_column_icons_position_left sc_fly_static\" data-id=\"de79961\" data-element_type=\"column\">\n\t\t\t<div class=\"elementor-widget-wrap elementor-element-populated\">\n\t\t\t\t\t\t<div class=\"elementor-element elementor-element-472f285 sc_fly_static elementor-widget elementor-widget-text-editor\" data-id=\"472f285\" data-element_type=\"widget\" data-widget_type=\"text-editor.default\">\n\t\t\t\t<div class=\"elementor-widget-container\">\n\t\t\t\t\t\t\t<p><strong>Z\u0130YARET\u00c7\u0130LER\u0130N K\u0130\u015e\u0130SEL VER\u0130LER\u0130N\u0130N \u0130\u015eLENMES\u0130NE \u0130L\u0130\u015eK\u0130N AYDINLATMA METN\u0130<\/strong><\/p><ol><li>Ki\u015fisel Verilerin Korunmas\u0131 ve Veri Sorumlusu Ki\u015fisel verileriniz; 6698 say\u0131l\u0131 Ki\u015fisel Verilerin Korunmas\u0131 Kanunu (KVKK), Ki\u015fisel Verileri Koruma Kurumu d\u00fczenlemeleri ve sair mevzuat h\u00fck\u00fcmleri \u00e7er\u00e7evesinde i\u015flenebilecek olup, ilgili mevzuat gere\u011fince \u015eirketimiz ki\u015fisel verilerinizin hukuka ayk\u0131r\u0131 olarak i\u015flenmesini \u00f6nleme, hukuka ayk\u0131r\u0131 olarak eri\u015filmesini \u00f6nleme ve muhafazas\u0131n\u0131 sa\u011flama amac\u0131yla, uygun g\u00fcvenlik d\u00fczeyini temin etmeye y\u00f6nelik t\u00fcm teknik ve idari tedbirleri almaktad\u0131r. NGM Yap\u0131m Anonim \u015eirketi (\u201c\u015eirket\u201d) Veri Sorumlusu olarak, KVKK ve ilgili mevzuat kapsam\u0131nda, ki\u015fisel verilerinizi mevzuata uygun olarak a\u015fa\u011f\u0131da yer alan bilgilendirme ve ama\u00e7lar kapsam\u0131nda i\u015fleyebilmektedir.<\/li><li>Ki\u015fisel Verilerin \u0130\u015flenme Ama\u00e7lar\u0131 Ki\u015fisel verileriniz \u015eirketimiz g\u00fcvenli\u011finin tesisi ve \u015eirketimiz taraf\u0131ndan ziyaret\u00e7ilere sunulmu\u015f olan internet eri\u015fim imk\u00e2n\u0131ndan faydalan\u0131rken taraf\u0131n\u0131zca iletilen ki\u015fisel verileriniz, eri\u015fim kay\u0131tlar\u0131n\u0131n y\u00f6netimi, mevzuattan kaynakl\u0131 y\u00fck\u00fcml\u00fcl\u00fcklerimizin yerine getirilmesi amac\u0131 ile 6698 say\u0131l\u0131 Kanun\u2019un 5. ve 6. maddelerinde belirtilen ki\u015fisel veri i\u015fleme \u015fartlar\u0131 ve ama\u00e7lar\u0131 ile s\u0131n\u0131rl\u0131 olarak da aktar\u0131labilecektir.<\/li><li>\u0130\u015flenen Ki\u015fisel Verilerin Kimlere ve Hangi Ama\u00e7la Aktar\u0131labilece\u011fi Toplanan ki\u015fisel verileriniz; yukar\u0131da belirtilen ama\u00e7lar\u0131n ger\u00e7ekle\u015ftirilmesi ile s\u0131n\u0131rl\u0131 olmak \u00fczere i\u015f ortaklar\u0131m\u0131za, hissedarlar\u0131m\u0131za, i\u015ftiraklerimize, kanunen yetkili kamu kurumlar\u0131 ve \u00f6zel hukuk ki\u015filerine, 6698 say\u0131l\u0131 Kanun\u2019un 8. ve 9. maddelerinde belirtilen ki\u015fisel veri i\u015fleme \u015fartlar\u0131 ve ama\u00e7lar\u0131 \u00e7er\u00e7evesinde aktar\u0131labilecektir.<\/li><li>Ki\u015fisel Veri Toplaman\u0131n Y\u00f6ntemi ve Hukuki Sebebi Ki\u015fisel verileriniz \u015eirketimiz taraf\u0131ndan yukar\u0131da;<\/li><\/ol><p>(b) ve (c) maddelerinde belirtilen hukuki sebebe dayanarak toplanmaktad\u0131r. Bu s\u00fcre\u00e7te toplanan ki\u015fisel verileriniz, Elektronik ortamda \u015eirketimiz i\u00e7inde internete eri\u015fiminiz vas\u0131tas\u0131yla, kimlik belgeniz \u00fczerinden, plaka bilgileriniz \u00fczerinden, s\u00f6zl\u00fc olarak veya binalar\u0131m\u0131z i\u00e7inde yer alan kapal\u0131 devre kameralar arac\u0131l\u0131\u011f\u0131 ile toplanmaktad\u0131r. Bahsi ge\u00e7en ki\u015fisel verileriniz 6698 say\u0131l\u0131 Kanun\u2019un 5. ve 6. maddelerinde belirtilen ki\u015fisel veri i\u015fleme \u015fartlar\u0131 ve ama\u00e7lar\u0131 kapsam\u0131nda i\u015fbu Ayd\u0131nlatma Metni\u2019 nin (b) ve (c) maddelerinde belirtilen ama\u00e7larla da i\u015flenebilmekte ve aktar\u0131labilmektedir.<\/p><ol start=\"11\"><li>Ki\u015fisel Verilerin \u0130\u015flenmesine Dair Haklar\u0131n\u0131z KVKK 11. Maddesi uyar\u0131nca \u015eirketimize ba\u015fvurarak;<ol><li>Ki\u015fisel verinizin i\u015flenip i\u015flenmedi\u011fini \u00f6\u011frenme,<\/li><li>Ki\u015fisel verileriniz i\u015flenmi\u015fse buna ili\u015fkin bilgi talep etme,<\/li><li>Ki\u015fisel verilerinizin i\u015flenme amac\u0131n\u0131 ve bunlar\u0131n amac\u0131na uygun kullan\u0131l\u0131p kullan\u0131lmad\u0131\u011f\u0131n\u0131 \u00f6\u011frenme,<\/li><li>Yurt i\u00e7inde veya yurt d\u0131\u015f\u0131nda ki\u015fisel verilerinizin aktar\u0131ld\u0131\u011f\u0131 \u00fc\u00e7\u00fcnc\u00fc ki\u015fileri bilme,<\/li><li>Ki\u015fisel verilerinizin eksik veya yanl\u0131\u015f i\u015flenmi\u015f olmas\u0131 halinde bunlar\u0131n d\u00fczeltilmesini isteme,<\/li><li>Kanun ilgili maddesinde \u00f6ng\u00f6r\u00fclen \u015fartlar \u00e7er\u00e7evesinde ki\u015fisel verilerinizi silinmesini veya yok edilmesini isteme<\/li><li>(e) ve (f) bentleri uyar\u0131nca yap\u0131lan i\u015flemlerin, ki\u015fisel verilerin aktar\u0131ld\u0131\u011f\u0131 \u00fc\u00e7\u00fcnc\u00fc ki\u015filere bildirilmesini isteme,<\/li><li>\u0130\u015flenen verilerinizin m\u00fcnhas\u0131ran otomatik sistemler vas\u0131tas\u0131yla analiz edilmesi suretiyle ki\u015finin kendisi aleyhine bir sonucun ortaya \u00e7\u0131kmas\u0131na itiraz etme,<\/li><li>Ki\u015fisel verilerin kanuna ayk\u0131r\u0131 olarak i\u015flenmesi sebebiyle zarara u\u011framan\u0131z halinde zarar\u0131n giderilmesini talep etme, Haklar\u0131n\u0131z bulunmaktad\u0131r.<\/li><\/ol><\/li><\/ol><p>\u00a0<\/p><p>KVK Kanunu\u2019nun 13. maddesinin 1. f\u0131kras\u0131 gere\u011fince, yukar\u0131da belirtilen haklar\u0131n\u0131z\u0131 kullanmak ile ilgili talebinizi, yaz\u0131l\u0131 veya Ki\u015fisel Verileri Koruma Kurulu\u2019nun belirledi\u011fi di\u011fer y\u00f6ntemlerle \u015eirketimize iletebilirsiniz. Ki\u015fisel Verileri Koruma Kurulu, \u015fu a\u015famada herhangi bir y\u00f6ntem belirlemedi\u011fi i\u00e7in, ba\u015fvurunuzu, KVK Kanunu gere\u011fince, yaz\u0131l\u0131 olarak \u015eirketimize iletmeniz gerekmektedir. Bu \u00e7er\u00e7evede \u015eirketimize KVK Kanunu\u2019nun 11. maddesi kapsam\u0131nda yapaca\u011f\u0131n\u0131z ba\u015fvurularda yaz\u0131l\u0131 olarak ba\u015fvurunuzu iletece\u011finiz kanallar ve usuller a\u015fa\u011f\u0131da a\u00e7\u0131klanmaktad\u0131r.<\/p><p>\u00a0<\/p><p>Yukar\u0131da belirtilen haklar\u0131n\u0131z\u0131 kullanmak i\u00e7in kimli\u011finizi tespit edici gerekli bilgiler ile KVK Kanunu\u2019nun 11. maddesinde belirtilen haklardan kullanmay\u0131 talep etti\u011finiz hakk\u0131n\u0131za y\u00f6nelik a\u00e7\u0131klamalar\u0131n\u0131z\u0131 i\u00e7eren talebinizi; gerek\u00e7eli imzal\u0131 bir dilek\u00e7e ile NGM Yap\u0131m Anonim \u015eirketi. Akat Mahallesi Fenerli Hristo Sokak No: 2d\/ Be\u015fikta\u015f \u0130stanbul adresine bizzat elden, ngmyapim@hs03.kep.tr kep adresi \u00fczerinden ya da resmi kanallarla yaz\u0131l\u0131 \u015fekilde iletebilirsiniz<\/p><p>\u0130\u015fbu Ayd\u0131nlatma Metni (\u201cBeyan\u201d)20.12.2021 tarihinde haz\u0131rlanm\u0131\u015ft\u0131r. Beyan metninde herhangi bir de\u011fi\u015fiklik olmas\u0131 durumunda, i\u015fbu Beyan\u0131n y\u00fcr\u00fcrl\u00fck tarihi ve i\u00e7eri\u011fi g\u00fcncellenecektir.<\/p><p>Veri Bilgi \u0130\u015fleme Sorumlusu Ad\u0131na<\/p>\t\t\t\t\t\t<\/div>\n\t\t\t\t<\/div>\n\t\t\t\t<div class=\"elementor-element elementor-element-7a83205 sc_fly_static elementor-widget elementor-widget-spacer\" data-id=\"7a83205\" data-element_type=\"widget\" data-widget_type=\"spacer.default\">\n\t\t\t\t<div class=\"elementor-widget-container\">\n\t\t\t\t\t<div class=\"elementor-spacer\">\n\t\t\t<div class=\"elementor-spacer-inner\"><\/div>\n\t\t<\/div>\n\t\t\t\t<\/div>\n\t\t\t\t<\/div>\n\t\t\t\t\t<\/div>\n\t\t<\/div>\n\t\t\t\t<div class=\"elementor-column elementor-col-16 elementor-top-column elementor-element elementor-element-5f94033 sc_content_align_inherit sc_layouts_column_icons_position_left sc_fly_static\" data-id=\"5f94033\" data-element_type=\"column\">\n\t\t\t<div class=\"elementor-widget-wrap\">\n\t\t\t\t\t\t\t<\/div>\n\t\t<\/div>\n\t\t\t\t\t<\/div>\n\t\t<\/section>\n\t\t\t\t<\/div>","protected":false},"excerpt":{"rendered":"<p>NEW GENERATION MEDIA Z\u0130YARET\u00c7\u0130LER\u0130N K\u0130\u015e\u0130SEL VER\u0130LER\u0130N\u0130N \u0130\u015eLENMES\u0130NE \u0130L\u0130\u015eK\u0130N AYDINLATMA METN\u0130 Ki\u015fisel Verilerin Korunmas\u0131 ve Veri Sorumlusu Ki\u015fisel verileriniz; 6698 say\u0131l\u0131 Ki\u015fisel Verilerin Korunmas\u0131 Kanunu (KVKK), Ki\u015fisel Verileri Koruma Kurumu d\u00fczenlemeleri&hellip;<\/p>","protected":false},"author":1,"featured_media":0,"parent":0,"menu_order":0,"comment_status":"closed","ping_status":"closed","template":"","meta":{"footnotes":""},"class_list":["post-30028","page","type-page","status-publish","hentry"],"_links":{"self":[{"href":"https:\/\/ngmedia.com.tr\/en\/wp-json\/wp\/v2\/pages\/30028","targetHints":{"allow":["GET"]}}],"collection":[{"href":"https:\/\/ngmedia.com.tr\/en\/wp-json\/wp\/v2\/pages"}],"about":[{"href":"https:\/\/ngmedia.com.tr\/en\/wp-json\/wp\/v2\/types\/page"}],"author":[{"embeddable":true,"href":"https:\/\/ngmedia.com.tr\/en\/wp-json\/wp\/v2\/users\/1"}],"replies":[{"embeddable":true,"href":"https:\/\/ngmedia.com.tr\/en\/wp-json\/wp\/v2\/comments?post=30028"}],"version-history":[{"count":0,"href":"https:\/\/ngmedia.com.tr\/en\/wp-json\/wp\/v2\/pages\/30028\/revisions"}],"wp:attachment":[{"href":"https:\/\/ngmedia.com.tr\/en\/wp-json\/wp\/v2\/media?parent=30028"}],"curies":[{"name":"wp","href":"https:\/\/api.w.org\/{rel}","templated":true}]}}